{"id":4894,"date":"2018-09-13T10:56:46","date_gmt":"2018-09-13T08:56:46","guid":{"rendered":"http:\/\/www.korcula-oreb.com\/?page_id=4894"},"modified":"2023-05-24T02:09:05","modified_gmt":"2023-05-24T00:09:05","slug":"home","status":"publish","type":"page","link":"https:\/\/www.korcula-oreb.com\/de\/","title":{"rendered":"Home"},"content":{"rendered":"<div id=\"pl-4894\"  class=\"panel-layout\" ><div id=\"pg-4894-0\"  class=\"panel-grid panel-has-style\" ><div class=\"siteorigin-panels-stretch panel-row-style panel-row-style-for-4894-0\" data-stretch-type=\"full-stretched\" ><div id=\"pgc-4894-0-0\"  class=\"panel-grid-cell\" ><div id=\"panel-4894-0-0-0\" class=\"so-panel widget widget_sow-hero panel-first-child panel-last-child\" data-index=\"0\" ><div class=\"panel-widget-style panel-widget-style-for-4894-0-0-0\" ><div\n\t\t\t\n\t\t\tclass=\"so-widget-sow-hero so-widget-sow-hero-default-106bc9679bf0-4894 so-widget-fittext-wrapper\"\n\t\t\t data-fit-text-compressor=\"0.85\"\n\t\t>\t\t\t\t<div class=\"sow-slider-base\" style=\"display: none\" tabindex=\"0\">\n\t\t\t\t\t<ul\n\t\t\t\t\tclass=\"sow-slider-images\"\n\t\t\t\t\tdata-settings=\"{&quot;pagination&quot;:true,&quot;speed&quot;:400,&quot;timeout&quot;:3000,&quot;paused&quot;:false,&quot;pause_on_hover&quot;:false,&quot;swipe&quot;:true,&quot;nav_always_show_desktop&quot;:&quot;&quot;,&quot;nav_always_show_mobile&quot;:&quot;&quot;,&quot;breakpoint&quot;:&quot;780px&quot;,&quot;unmute&quot;:false,&quot;anchor&quot;:null}\"\n\t\t\t\t\tstyle=\"min-height: 42vw\"\t\t\t\t\tdata-anchor-id=\"\"\n\t\t\t\t>\t\t<li class=\"sow-slider-image  sow-slider-image-cover\" style=\"visibility: visible;;background-image: url(https:\/\/www.korcula-oreb.com\/wp-content\/uploads\/2023\/05\/house-linda-renata-terrace2-pool-05-2023-pic-08.jpg)\" >\n\t\t\t\t\t<div class=\"sow-slider-image-container\">\n\t\t\t<div class=\"sow-slider-image-wrapper\">\n\t\t\t\t\t\t\t<\/div>\n\t\t<\/div>\n\t\t\t\t<\/li>\n\t\t\t\t<li class=\"sow-slider-image  sow-slider-image-cover\" style=\"visibility: hidden;\" data-background=\"url(https:\/\/www.korcula-oreb.com\/wp-content\/uploads\/2023\/05\/house-linda-renata-evening-05-2023-pic-01.jpg)\" >\n\t\t\t\t\t<div class=\"sow-slider-image-container\">\n\t\t\t<div class=\"sow-slider-image-wrapper\">\n\t\t\t\t\t\t\t<\/div>\n\t\t<\/div>\n\t\t\t\t<\/li>\n\t\t\t\t<li class=\"sow-slider-image  sow-slider-image-cover\" style=\"visibility: hidden;\" data-background=\"url(https:\/\/www.korcula-oreb.com\/wp-content\/uploads\/2023\/05\/house-linda-renata-livingroom2-kitchen2-05-2023-pic-05.jpg)\" >\n\t\t\t\t\t<div class=\"sow-slider-image-container\">\n\t\t\t<div class=\"sow-slider-image-wrapper\">\n\t\t\t\t\t\t\t<\/div>\n\t\t<\/div>\n\t\t\t\t<\/li>\n\t\t\t\t<li class=\"sow-slider-image  sow-slider-image-cover\" style=\"visibility: hidden;\" data-background=\"url(https:\/\/www.korcula-oreb.com\/wp-content\/uploads\/2023\/05\/house-linda-renata-terrace1-05-2023-pic-03.jpg)\" >\n\t\t\t\t\t<div class=\"sow-slider-image-container\">\n\t\t\t<div class=\"sow-slider-image-wrapper\">\n\t\t\t\t\t\t\t<\/div>\n\t\t<\/div>\n\t\t\t\t<\/li>\n\t\t\t\t<li class=\"sow-slider-image  sow-slider-image-cover\" style=\"visibility: hidden;\" data-background=\"url(https:\/\/www.korcula-oreb.com\/wp-content\/uploads\/2023\/05\/house-linda-renata-livingroom1-kitchen1-05-2023-pic-08.jpg)\" >\n\t\t\t\t\t<div class=\"sow-slider-image-container\">\n\t\t\t<div class=\"sow-slider-image-wrapper\">\n\t\t\t\t\t\t\t<\/div>\n\t\t<\/div>\n\t\t\t\t<\/li>\n\t\t<\/ul>\t\t\t\t<ol class=\"sow-slider-pagination\">\n\t\t\t\t\t\t\t\t\t\t\t<li><a href=\"#\" data-goto=\"0\" aria-label=\"Display slide 1\"><\/a><\/li>\n\t\t\t\t\t\t\t\t\t\t\t<li><a href=\"#\" data-goto=\"1\" aria-label=\"Display slide 2\"><\/a><\/li>\n\t\t\t\t\t\t\t\t\t\t\t<li><a href=\"#\" data-goto=\"2\" aria-label=\"Display slide 3\"><\/a><\/li>\n\t\t\t\t\t\t\t\t\t\t\t<li><a href=\"#\" data-goto=\"3\" aria-label=\"Display slide 4\"><\/a><\/li>\n\t\t\t\t\t\t\t\t\t\t\t<li><a href=\"#\" data-goto=\"4\" aria-label=\"Display slide 5\"><\/a><\/li>\n\t\t\t\t\t\t\t\t\t<\/ol>\n\n\t\t\t\t<div class=\"sow-slide-nav sow-slide-nav-next\">\n\t\t\t\t\t<a href=\"#\" data-goto=\"next\" aria-label=\"Next slide\" data-action=\"next\">\n\t\t\t\t\t\t<em class=\"sow-sld-icon-thin-right\"><\/em>\n\t\t\t\t\t<\/a>\n\t\t\t\t<\/div>\n\n\t\t\t\t<div class=\"sow-slide-nav sow-slide-nav-prev\">\n\t\t\t\t\t<a href=\"#\" data-goto=\"previous\" aria-label=\"Previous slide\" data-action=\"prev\">\n\t\t\t\t\t\t<em class=\"sow-sld-icon-thin-left\"><\/em>\n\t\t\t\t\t<\/a>\n\t\t\t\t<\/div>\n\t\t\t\t<\/div><\/div><\/div><\/div><\/div><\/div><\/div><div id=\"pg-4894-1\"  class=\"panel-grid panel-no-style\" ><div id=\"pgc-4894-1-0\"  class=\"panel-grid-cell\" ><div id=\"panel-4894-1-0-0\" class=\"so-panel widget widget_sow-headline panel-first-child panel-last-child\" data-index=\"1\" ><div\n\t\t\t\n\t\t\tclass=\"so-widget-sow-headline so-widget-sow-headline-default-eb4eeeff88de-4894 so-widget-fittext-wrapper\"\n\t\t\t data-fit-text-compressor=\"1.1\"\n\t\t><div class=\"sow-headline-container \">\n\t\t\t\t\t\t\t<h1 class=\"sow-headline\">\n\t\t\t\t\t\tLinda &amp; Renata Korcula Haus Prigradica\t\t\t\t\t\t<\/h1>\n\t\t\t\t\t\t\t\t\t\t\t\t<p class=\"sow-sub-headline\">\n\t\t\t\t\t\tKorcula, die Insel der Tr\u00e4ume! In der Bucht von Prigradica stellen wir ihnen unser Apartment direkt in erster Linie zum Meer vor! Dalmacijen, das mediterrane Flair unsere Steinterasse und die Sonnendurchflutete See! Oliven, Feigen, Salz, Wein und Fisch. Nur diese Dinge braucht der K\u00f6rper und die Seele.\t\t\t\t\t\t<\/p>\n\t\t\t\t\t\t<\/div>\n<\/div><\/div><\/div><\/div><div id=\"pg-4894-2\"  class=\"panel-grid panel-has-style\" ><div class=\"siteorigin-panels-stretch panel-row-style panel-row-style-for-4894-2\" data-stretch-type=\"full-stretched-padded\" ><div id=\"pgc-4894-2-0\"  class=\"panel-grid-cell\" ><div class=\"panel-cell-style panel-cell-style-for-4894-2-0\" ><div id=\"panel-4894-2-0-0\" class=\"so-panel widget widget_sow-headline panel-first-child\" data-index=\"2\" ><div\n\t\t\t\n\t\t\tclass=\"so-widget-sow-headline so-widget-sow-headline-default-771b70f7f01f-4894 so-widget-fittext-wrapper\"\n\t\t\t data-fit-text-compressor=\"1.1\"\n\t\t><div class=\"sow-headline-container \">\n\t\t\t\t\t\t\t<h2 class=\"sow-headline\">\n\t\t\t\t\t\tHaus Linda &amp; Renata\t\t\t\t\t\t<\/h2>\n\t\t\t\t\t\t<\/div>\n<\/div><\/div><div id=\"panel-4894-2-0-1\" class=\"so-panel widget widget_sow-editor\" data-index=\"3\" ><div\n\t\t\t\n\t\t\tclass=\"so-widget-sow-editor so-widget-sow-editor-base\"\n\t\t\t\n\t\t>\n<div class=\"siteorigin-widget-tinymce textwidget\">\n\t<p style=\"text-align: center;\">Das ist, warum wir dieses Umgeben f\u00fcr unser Leben w\u00e4hlten und wir herzlichst jeder w\u00fcnschen, um das selbe zu haben. Wir laden dich ein, einen Sommer mit uns zu teilen. Wir k\u00f6nnen mehr anbieten, weil der Sommer in unseren Herzen sogar jetzt ist, bis die Winterwinde mit m\u00e4chtige Wellen unsere Insel verstecken. Das Haus bietet eine malerische Aussicht, einen Schwimmbad und liegt etwa 50 Meter vom Privatstrand entfernt. Beide Apartmentterrassen haben einen direkten Blick aufs Meer.<\/p>\n<\/div>\n<\/div><\/div><div id=\"panel-4894-2-0-2\" class=\"so-panel widget widget_sow-button panel-last-child\" data-index=\"4\" ><div\n\t\t\t\n\t\t\tclass=\"so-widget-sow-button so-widget-sow-button-wire-a388f96fd811-4894\"\n\t\t\t\n\t\t><div class=\"ow-button-base ow-button-align-center\"\n>\n\t\t\t<a\n\t\t\t\t\thref=\"https:\/\/www.korcula-oreb.com\/linda-renata-korcula-house\/\"\n\t\t\t\t\tclass=\"sowb-button ow-icon-placement-left ow-button-hover\" \t>\n\t\t<span>\n\t\t\t\n\t\t\tHausdetails &amp; Fotos\t\t<\/span>\n\t\t\t<\/a>\n\t<\/div>\n<\/div><\/div><\/div><\/div><div id=\"pgc-4894-2-1\"  class=\"panel-grid-cell\" ><div id=\"panel-4894-2-1-0\" class=\"so-panel widget widget_sow-image panel-first-child panel-last-child\" data-index=\"5\" ><div\n\t\t\t\n\t\t\tclass=\"so-widget-sow-image so-widget-sow-image-default-c67d20f9f743-4894\"\n\t\t\t\n\t\t>\n<div class=\"sow-image-container\">\n\t\t<img \n\tsrc=\"https:\/\/www.korcula-oreb.com\/wp-content\/uploads\/2023\/05\/prigradica-korcula-house-for-rent-linda-renata-from-air-05-2023-pic-01-900x600.jpg\" width=\"900\" height=\"600\" srcset=\"https:\/\/www.korcula-oreb.com\/wp-content\/uploads\/2023\/05\/prigradica-korcula-house-for-rent-linda-renata-from-air-05-2023-pic-01-900x600.jpg 900w, https:\/\/www.korcula-oreb.com\/wp-content\/uploads\/2023\/05\/prigradica-korcula-house-for-rent-linda-renata-from-air-05-2023-pic-01-1200x800.jpg 1200w, https:\/\/www.korcula-oreb.com\/wp-content\/uploads\/2023\/05\/prigradica-korcula-house-for-rent-linda-renata-from-air-05-2023-pic-01-200x133.jpg 200w, https:\/\/www.korcula-oreb.com\/wp-content\/uploads\/2023\/05\/prigradica-korcula-house-for-rent-linda-renata-from-air-05-2023-pic-01-768x512.jpg 768w, https:\/\/www.korcula-oreb.com\/wp-content\/uploads\/2023\/05\/prigradica-korcula-house-for-rent-linda-renata-from-air-05-2023-pic-01-1536x1024.jpg 1536w, https:\/\/www.korcula-oreb.com\/wp-content\/uploads\/2023\/05\/prigradica-korcula-house-for-rent-linda-renata-from-air-05-2023-pic-01.jpg 1600w\" sizes=\"(max-width: 900px) 100vw, 900px\" alt=\"Korcula Haus Linda und Renata Abendansicht\" \t\tclass=\"so-widget-image\"\/>\n\t<\/div>\n\n<\/div><\/div><\/div><\/div><\/div><div id=\"pg-4894-3\"  class=\"panel-grid panel-has-style\" ><div class=\"massage so-parallax siteorigin-panels-stretch panel-row-style panel-row-style-for-4894-3\" data-stretch-type=\"full-stretched-padded\" ><img fetchpriority=\"high\" decoding=\"async\" width=\"1600\" height=\"1067\" src=\"https:\/\/www.korcula-oreb.com\/wp-content\/uploads\/2019\/02\/house-linda-renata-massage-03.jpg\" class=\"attachment-full size-full\" alt=\"house-linda-renata-massage-03\" data-siteorigin-parallax=\"true\" loading=\"eager\" srcset=\"https:\/\/www.korcula-oreb.com\/wp-content\/uploads\/2019\/02\/house-linda-renata-massage-03.jpg 1600w, https:\/\/www.korcula-oreb.com\/wp-content\/uploads\/2019\/02\/house-linda-renata-massage-03-200x133.jpg 200w, https:\/\/www.korcula-oreb.com\/wp-content\/uploads\/2019\/02\/house-linda-renata-massage-03-900x600.jpg 900w, https:\/\/www.korcula-oreb.com\/wp-content\/uploads\/2019\/02\/house-linda-renata-massage-03-768x512.jpg 768w, https:\/\/www.korcula-oreb.com\/wp-content\/uploads\/2019\/02\/house-linda-renata-massage-03-1200x800.jpg 1200w\" sizes=\"(max-width: 1600px) 100vw, 1600px\" \/><div id=\"pgc-4894-3-0\"  class=\"panel-grid-cell\" ><div id=\"panel-4894-3-0-0\" class=\"so-panel widget widget_sow-headline panel-first-child\" data-index=\"6\" ><div class=\"panel-widget-style panel-widget-style-for-4894-3-0-0\" ><div\n\t\t\t\n\t\t\tclass=\"so-widget-sow-headline so-widget-sow-headline-default-b5d6e5d9c77d-4894 so-widget-fittext-wrapper\"\n\t\t\t data-fit-text-compressor=\"1.2\"\n\t\t><div class=\"sow-headline-container \">\n\t\t\t\t\t\t\t<h2 class=\"sow-headline\">\n\t\t\t\t\t\tAromatherapie Massage\t\t\t\t\t\t<\/h2>\n\t\t\t\t\t\t\t\t\t\t\t\t<p class=\"sow-sub-headline\">\n\t\t\t\t\t\tBei Buchungen ab 8 Tagen belohnen wir Sie mit einer entspannenden Massage.\t\t\t\t\t\t<\/p>\n\t\t\t\t\t\t<\/div>\n<\/div><\/div><\/div><div id=\"panel-4894-3-0-1\" class=\"so-panel widget widget_sow-button panel-last-child\" data-index=\"7\" ><div\n\t\t\t\n\t\t\tclass=\"so-widget-sow-button so-widget-sow-button-flat-3210606f8d6a-4894\"\n\t\t\t\n\t\t><div class=\"ow-button-base ow-button-align-center\"\n>\n\t\t\t<a\n\t\t\t\t\thref=\"https:\/\/www.korcula-oreb.com\/de\/korcula-massage-oreb-prigradica\/\"\n\t\t\t\t\tclass=\"massage-button sowb-button ow-icon-placement-right ow-button-hover\" \t>\n\t\t<span>\n\t\t\t<span class=\"sow-icon-ionicons\" data-sow-icon=\"&#xf3d3;\"\n\t\tstyle=\"color: #206f51\" \n\t\taria-hidden=\"true\"><\/span>\n\t\t\tMassage\t\t<\/span>\n\t\t\t<\/a>\n\t<\/div>\n<\/div><\/div><\/div><\/div><\/div><div id=\"pg-4894-4\"  class=\"panel-grid panel-has-style\" ><div class=\"siteorigin-panels-stretch panel-row-style panel-row-style-for-4894-4\" data-stretch-type=\"full-stretched\" ><div id=\"pgc-4894-4-0\"  class=\"panel-grid-cell\" ><div id=\"panel-4894-4-0-0\" class=\"so-panel widget widget_sow-image panel-first-child panel-last-child\" data-index=\"8\" ><div\n\t\t\t\n\t\t\tclass=\"so-widget-sow-image so-widget-sow-image-default-c67d20f9f743-4894\"\n\t\t\t\n\t\t>\n<div class=\"sow-image-container\">\n\t\t<img \n\tsrc=\"https:\/\/www.korcula-oreb.com\/wp-content\/uploads\/2023\/05\/prigradica-korcula-house-for-rent-linda-renata-from-air-05-2023-pic-02-arrow-900x600.jpg\" width=\"900\" height=\"600\" srcset=\"https:\/\/www.korcula-oreb.com\/wp-content\/uploads\/2023\/05\/prigradica-korcula-house-for-rent-linda-renata-from-air-05-2023-pic-02-arrow-900x600.jpg 900w, https:\/\/www.korcula-oreb.com\/wp-content\/uploads\/2023\/05\/prigradica-korcula-house-for-rent-linda-renata-from-air-05-2023-pic-02-arrow-1200x800.jpg 1200w, https:\/\/www.korcula-oreb.com\/wp-content\/uploads\/2023\/05\/prigradica-korcula-house-for-rent-linda-renata-from-air-05-2023-pic-02-arrow-200x133.jpg 200w, https:\/\/www.korcula-oreb.com\/wp-content\/uploads\/2023\/05\/prigradica-korcula-house-for-rent-linda-renata-from-air-05-2023-pic-02-arrow-768x512.jpg 768w, https:\/\/www.korcula-oreb.com\/wp-content\/uploads\/2023\/05\/prigradica-korcula-house-for-rent-linda-renata-from-air-05-2023-pic-02-arrow-1536x1024.jpg 1536w, https:\/\/www.korcula-oreb.com\/wp-content\/uploads\/2023\/05\/prigradica-korcula-house-for-rent-linda-renata-from-air-05-2023-pic-02-arrow.jpg 1600w\" sizes=\"(max-width: 900px) 100vw, 900px\" alt=\"Linda und Renata Haus Prigradica Blick aus der Luft\" \t\tclass=\"so-widget-image\"\/>\n\t<\/div>\n\n<\/div><\/div><\/div><div id=\"pgc-4894-4-1\"  class=\"panel-grid-cell\" ><div class=\"panel-cell-style panel-cell-style-for-4894-4-1\" ><div id=\"panel-4894-4-1-0\" class=\"so-panel widget widget_sow-headline panel-first-child\" data-index=\"9\" ><div\n\t\t\t\n\t\t\tclass=\"so-widget-sow-headline so-widget-sow-headline-default-771b70f7f01f-4894 so-widget-fittext-wrapper\"\n\t\t\t data-fit-text-compressor=\"1.1\"\n\t\t><div class=\"sow-headline-container \">\n\t\t\t\t\t\t\t<h2 class=\"sow-headline\">\n\t\t\t\t\t\tInsel Korcula und Prigradica\t\t\t\t\t\t<\/h2>\n\t\t\t\t\t\t<\/div>\n<\/div><\/div><div id=\"panel-4894-4-1-1\" class=\"so-panel widget widget_sow-editor\" data-index=\"10\" ><div\n\t\t\t\n\t\t\tclass=\"so-widget-sow-editor so-widget-sow-editor-base\"\n\t\t\t\n\t\t>\n<div class=\"siteorigin-widget-tinymce textwidget\">\n\t<p style=\"text-align: center;\">Die Bucht Prigradica befindet sich auf der Nordseite der Insel. Diese Seite ist sehr gutausgebaut. Prigradica ist ca. 4 km vom gr\u00f6\u00dften Ort auf der Insel Blato entfernt! Blato ist eine kulturelle Hochburg und ist sehenswert.<\/p>\n<\/div>\n<\/div><\/div><div id=\"panel-4894-4-1-2\" class=\"so-panel widget widget_sow-button panel-last-child\" data-index=\"11\" ><div\n\t\t\t\n\t\t\tclass=\"so-widget-sow-button so-widget-sow-button-wire-5c0253f400e9-4894\"\n\t\t\t\n\t\t><div class=\"ow-button-base ow-button-align-center\"\n>\n\t\t\t<a\n\t\t\t\t\thref=\"https:\/\/www.korcula-oreb.com\/prigradica-korcula-island\/\"\n\t\t\t\t\tclass=\"sowb-button ow-icon-placement-left ow-button-hover\" \t>\n\t\t<span>\n\t\t\t\n\t\t\t\u00dcber die Insel\t\t<\/span>\n\t\t\t<\/a>\n\t<\/div>\n<\/div><\/div><\/div><\/div><\/div><\/div><div id=\"pg-4894-5\"  class=\"panel-grid panel-has-style\" ><div class=\"siteorigin-panels-stretch panel-row-style panel-row-style-for-4894-5\" data-stretch-type=\"full-stretched-padded\" ><div id=\"pgc-4894-5-0\"  class=\"panel-grid-cell\" ><div id=\"panel-4894-5-0-0\" class=\"so-panel widget widget_sow-features panel-first-child\" data-index=\"12\" ><div\n\t\t\t\n\t\t\tclass=\"so-widget-sow-features so-widget-sow-features-default-17bd182ba57f-4894\"\n\t\t\t\n\t\t><ul\n\tclass=\"sow-features-list\n\tsow-features-responsive\">\n\n\t\t\t<li\n\t\t\tclass=\"sow-features-feature sow-icon-container-position-top\"\n\t\t\tstyle=\"display: flex; flex-direction: column; width: calc(100% - 25px);\"\n\t\t>\n\t\t\t\n\t\t\t\t\t\t<a\t\t\t\tclass=\"sow-icon-container sow-container-round\"\n\t\t\t\tstyle=\"color: #ffffff; \"\n\t\t\t\t\n\t\t\t\t\t\t\t\t\thref=\"https:\/\/www.korcula-oreb.com\/house-location\/\"\n\t\t\t\t\t\t\t\t>\n\t\t\t\t<span class=\"sow-icon-ionicons\" data-sow-icon=\"&#xf455;\"\n\t\tstyle=\"font-size: 65px; color: #206f51\" \n\t\taria-hidden=\"true\"><\/span>\t\t\t<\/a>\n\n\t\t\t<div class=\"textwidget\">\n\t\t\t\t\n\t\t\t\t\t\t\t\t\t<h5 class=\"sow-features-feature-title\">\n\t\t\t\t\t\tAdresse und Telefone\t\t\t\t\t<\/h5>\n\t\t\t\t\n\t\t\t\t\t\t\t\t\t<div class=\"sow-features-feature-text\">\n\t\t\t\t\t<p style=\"text-align: center\">Smiljana und Renato Oreb<br \/>\n20271 Blato<br \/>\nPrigradica 189<br \/>\nInsel Korcula, Kroatien<br \/>\nmob: +385 99 512 2783<\/p>\n\t\t\t\t\t<\/div>\n\t\t\t\t\t\t\t\t<\/div>\n\t\t\t\t\t\t\t\t<\/li>\n\n\t<\/ul>\n<\/div><\/div><div id=\"panel-4894-5-0-1\" class=\"so-panel widget widget_sow-button panel-last-child\" data-index=\"13\" ><div\n\t\t\t\n\t\t\tclass=\"so-widget-sow-button so-widget-sow-button-wire-5c0253f400e9-4894\"\n\t\t\t\n\t\t><div class=\"ow-button-base ow-button-align-center\"\n>\n\t\t\t<a\n\t\t\t\t\thref=\"https:\/\/www.korcula-oreb.com\/contact\/\"\n\t\t\t\t\tclass=\"sowb-button ow-icon-placement-left ow-button-hover\" \t>\n\t\t<span>\n\t\t\t\n\t\t\tReservierungs-E-Mail\t\t<\/span>\n\t\t\t<\/a>\n\t<\/div>\n<\/div><\/div><\/div><div id=\"pgc-4894-5-1\"  class=\"panel-grid-cell\" ><div id=\"panel-4894-5-1-0\" class=\"so-panel widget widget_sow-image panel-first-child panel-last-child\" data-index=\"14\" ><div\n\t\t\t\n\t\t\tclass=\"so-widget-sow-image so-widget-sow-image-default-c67d20f9f743-4894\"\n\t\t\t\n\t\t>\n<div class=\"sow-image-container\">\n\t\t<img \n\tsrc=\"https:\/\/www.korcula-oreb.com\/wp-content\/uploads\/2019\/02\/house-linda-renata-evening-07-900x600.jpg\" width=\"900\" height=\"600\" srcset=\"https:\/\/www.korcula-oreb.com\/wp-content\/uploads\/2019\/02\/house-linda-renata-evening-07-900x600.jpg 900w, https:\/\/www.korcula-oreb.com\/wp-content\/uploads\/2019\/02\/house-linda-renata-evening-07-200x133.jpg 200w, https:\/\/www.korcula-oreb.com\/wp-content\/uploads\/2019\/02\/house-linda-renata-evening-07-768x512.jpg 768w, https:\/\/www.korcula-oreb.com\/wp-content\/uploads\/2019\/02\/house-linda-renata-evening-07-1200x800.jpg 1200w, https:\/\/www.korcula-oreb.com\/wp-content\/uploads\/2019\/02\/house-linda-renata-evening-07.jpg 1600w\" sizes=\"(max-width: 900px) 100vw, 900px\" alt=\"Prigradica Haus Linda und Renata Barbecue\" \t\tclass=\"so-widget-image\"\/>\n\t<\/div>\n\n<\/div><\/div><\/div><\/div><\/div><\/div>","protected":false},"excerpt":{"rendered":"<p>Linda &amp; Renata Korcula Haus Prigradica Korcula, die Insel der Tr\u00e4ume! In der Bucht von Prigradica stellen wir ihnen unser Apartment direkt in erster Linie zum Meer vor! Dalmacijen, das mediterrane Flair unsere Steinterasse und die Sonnendurchflutete See! Oliven, Feigen, Salz, Wein und Fisch. Nur diese Dinge braucht der K\u00f6rper und die Seele. Haus Linda [&hellip;]<\/p>\n","protected":false},"author":1,"featured_media":0,"parent":0,"menu_order":1,"comment_status":"closed","ping_status":"closed","template":"","meta":{"_genesis_hide_title":false,"_genesis_hide_breadcrumbs":false,"_genesis_hide_singular_image":false,"_genesis_hide_footer_widgets":false,"_genesis_custom_body_class":"","_genesis_custom_post_class":"","_genesis_layout":"","footnotes":""},"class_list":{"0":"post-4894","1":"page","2":"type-page","3":"status-publish","5":"entry"},"_links":{"self":[{"href":"https:\/\/www.korcula-oreb.com\/de\/wp-json\/wp\/v2\/pages\/4894","targetHints":{"allow":["GET"]}}],"collection":[{"href":"https:\/\/www.korcula-oreb.com\/de\/wp-json\/wp\/v2\/pages"}],"about":[{"href":"https:\/\/www.korcula-oreb.com\/de\/wp-json\/wp\/v2\/types\/page"}],"author":[{"embeddable":true,"href":"https:\/\/www.korcula-oreb.com\/de\/wp-json\/wp\/v2\/users\/1"}],"replies":[{"embeddable":true,"href":"https:\/\/www.korcula-oreb.com\/de\/wp-json\/wp\/v2\/comments?post=4894"}],"version-history":[{"count":12,"href":"https:\/\/www.korcula-oreb.com\/de\/wp-json\/wp\/v2\/pages\/4894\/revisions"}],"predecessor-version":[{"id":5730,"href":"https:\/\/www.korcula-oreb.com\/de\/wp-json\/wp\/v2\/pages\/4894\/revisions\/5730"}],"wp:attachment":[{"href":"https:\/\/www.korcula-oreb.com\/de\/wp-json\/wp\/v2\/media?parent=4894"}],"curies":[{"name":"wp","href":"https:\/\/api.w.org\/{rel}","templated":true}]}}