{"id":4964,"date":"2018-09-18T09:35:33","date_gmt":"2018-09-18T07:35:33","guid":{"rendered":"http:\/\/www.korcula-oreb.com\/location\/"},"modified":"2020-11-30T09:59:31","modified_gmt":"2020-11-30T08:59:31","slug":"location","status":"publish","type":"page","link":"https:\/\/www.korcula-oreb.com\/de\/haus-lage\/","title":{"rendered":"Haus Lage"},"content":{"rendered":"<div id=\"pl-4964\"  class=\"panel-layout\" ><div id=\"pg-4964-0\"  class=\"panel-grid panel-has-style\" ><div class=\"siteorigin-panels-stretch panel-row-style panel-row-style-for-4964-0\" data-stretch-type=\"full\" ><div id=\"pgc-4964-0-0\"  class=\"panel-grid-cell\" ><div id=\"panel-4964-0-0-0\" class=\"so-panel widget widget_sow-headline panel-first-child panel-last-child\" data-index=\"0\" ><div\n\t\t\t\n\t\t\tclass=\"so-widget-sow-headline so-widget-sow-headline-default-00a865102b06-4964\"\n\t\t\t\n\t\t><div class=\"sow-headline-container \">\n\t\t\t\t\t\t\t<h2 class=\"sow-headline\">\n\t\t\t\t\t\tKarte und Wegbeschreibungen\t\t\t\t\t\t<\/h2>\n\t\t\t\t\t\t<\/div>\n<\/div><\/div><\/div><\/div><\/div><div id=\"pg-4964-1\"  class=\"panel-grid panel-has-style\" ><div class=\"panel-row-style panel-row-style-for-4964-1\" ><div id=\"pgc-4964-1-0\"  class=\"panel-grid-cell\" ><div id=\"panel-4964-1-0-0\" class=\"so-panel widget widget_sow-editor panel-first-child\" data-index=\"1\" ><div\n\t\t\t\n\t\t\tclass=\"so-widget-sow-editor so-widget-sow-editor-base\"\n\t\t\t\n\t\t>\n<div class=\"siteorigin-widget-tinymce textwidget\">\n\t<p>Sie haben mehrere M\u00f6glichkeit mit einer Autof\u00e4hre bzw. Katamaran auf die Insel Korcula zu kommen.<br \/>\nMit der F\u00e4hre ben\u00f6tigen sie von Split nach Vela Luka 3 Stunden, und von Orebic (Halbinsel Peljesac) nur 15 Minuten. Zudem gibt es t\u00e4glich von Split nach Vela Luka ein Katamaran der innerhalb von 2 Stunden am Ziel ist. In der Zeit von Juli und August gibt es eine direkte Verbindung mit dem Katamaran nach Prigradica!!!<\/p>\n<\/div>\n<\/div><\/div><div id=\"panel-4964-1-0-1\" class=\"so-panel widget widget_sow-button\" data-index=\"2\" ><div\n\t\t\t\n\t\t\tclass=\"so-widget-sow-button so-widget-sow-button-wire-5d16415fc59b-4964\"\n\t\t\t\n\t\t><div class=\"ow-button-base ow-button-align-center\"\n>\n\t\t\t<a\n\t\t\t\t\thref=\"#maprow\"\n\t\t\t\t\tclass=\"ps2id sowb-button ow-icon-placement-left ow-button-hover\" \t>\n\t\t<span>\n\t\t\t<span class=\"sow-icon-ionicons\" data-sow-icon=\"&#xf1ff;\"\n\t\tstyle=\"color: #dd3333\" \n\t\taria-hidden=\"true\"><\/span>\n\t\t\tKarte\t\t<\/span>\n\t\t\t<\/a>\n\t<\/div>\n<\/div><\/div><div id=\"panel-4964-1-0-2\" class=\"so-panel widget widget_sow-editor\" data-index=\"3\" ><div\n\t\t\t\n\t\t\tclass=\"so-widget-sow-editor so-widget-sow-editor-base\"\n\t\t\t\n\t\t>\n<div class=\"siteorigin-widget-tinymce textwidget\">\n\t<p>Vom Ort Korcula ben\u00f6tigen sie nach Prigradica (ca. 35 km) ca. 40 Minuten von Vela Luka (ca. 7 km) 10 Minuten mit dem Auto. Vom zentralen Blato aus gesehen (aus beiden Richtungen kommend \u2013 Korcula und Vela Luka), ist die Stra\u00dfe nach Prigradica ausgeschildert. Auf der Hauptstra\u00dfe bleiben \u201egro\u00dfer Allee folgend\u201c ist die Abfahrt an der Schule (gro\u00dfes blaues Geb\u00e4ude) ausgeschildert. In Prigradica (Hafen) angekommen halten sie sich links. Nach ca. 800 Metern auf der linken Seite befindet sich unser Haus!<\/p>\n<\/div>\n<\/div><\/div><div id=\"panel-4964-1-0-3\" class=\"so-panel widget widget_sow-features\" data-index=\"4\" ><div class=\"panel-widget-style panel-widget-style-for-4964-1-0-3\" ><div\n\t\t\t\n\t\t\tclass=\"so-widget-sow-features so-widget-sow-features-default-69489ee9d181-4964\"\n\t\t\t\n\t\t><ul\n\tclass=\"sow-features-list\n\tsow-features-responsive\">\n\n\t\t\t<li\n\t\t\tclass=\"sow-features-feature sow-icon-container-position-right\"\n\t\t\tstyle=\"display: flex; flex-direction: row; width: calc(100% - 25px);\"\n\t\t>\n\t\t\t\n\t\t\t\t\t\t<div\t\t\t\tclass=\"sow-icon-container sow-container-round\"\n\t\t\t\tstyle=\"color: #206f51; \"\n\t\t\t\t\n\t\t\t\t\t\t\t>\n\t\t\t\t<span class=\"sow-icon-ionicons\" data-sow-icon=\"&#xf14a;\"\n\t\tstyle=\"font-size: 36px; color: #FFFFFF\" \n\t\taria-hidden=\"true\"><\/span>\t\t\t<\/div>\n\n\t\t\t<div class=\"textwidget\">\n\t\t\t\t\n\t\t\t\t\n\t\t\t\t\t\t\t\t\t<div class=\"sow-features-feature-text\">\n\t\t\t\t\tGPS Koordinaten \u2192 lat: 42.967405, long: 16.802665\t\t\t\t\t<\/div>\n\t\t\t\t\t\t\t\t<\/div>\n\t\t\t\t\t\t\t\t<\/li>\n\n\t<\/ul>\n<\/div><\/div><\/div><div id=\"panel-4964-1-0-4\" class=\"so-panel widget widget_sow-editor panel-last-child\" data-index=\"5\" ><div\n\t\t\t\n\t\t\tclass=\"so-widget-sow-editor so-widget-sow-editor-base\"\n\t\t\t\n\t\t>\n<div class=\"siteorigin-widget-tinymce textwidget\">\n\t<p>Um zur Insel Korcula zu kommen, empfehlen wir F\u00e4hren: Split - Vela Luka oder Ploce - Trpanj (Peljesac) und dann Orebic - Korcula.<\/p>\n<p><strong>Autof\u00e4hren Fahrpl\u00e4ne:<\/strong> <a href=\"https:\/\/www.jadrolinija.hr\/de\/faehren-kroatien\" target=\"_blank\" rel=\"noopener\">Jadrolinija<\/a><\/p>\n<\/div>\n<\/div><\/div><\/div><\/div><\/div><div id=\"pg-4964-2\"  class=\"panel-grid panel-has-style\" ><div class=\"siteorigin-panels-stretch panel-row-style panel-row-style-for-4964-2\" id=\"maprow\" data-stretch-type=\"full\" ><div id=\"pgc-4964-2-0\"  class=\"panel-grid-cell\" ><div id=\"panel-4964-2-0-0\" class=\"so-panel widget widget_sow-editor panel-first-child panel-last-child\" data-index=\"6\" ><div\n\t\t\t\n\t\t\tclass=\"so-widget-sow-editor so-widget-sow-editor-base\"\n\t\t\t\n\t\t>\n<div class=\"siteorigin-widget-tinymce textwidget\">\n\t\n<\/div>\n<\/div><\/div><\/div><\/div><\/div><\/div>","protected":false},"excerpt":{"rendered":"<p>Sie haben mehrere M\u00f6glichkeit mit einer Autof\u00e4hre bzw. Katamaran auf die Insel Korcula zu kommen. Mit der F\u00e4hre ben\u00f6tigen sie von Split nach Vela Luka 3 Stunden, und von Orebic (Halbinsel Peljesac) nur 15 Minuten. Zudem gibt es t\u00e4glich von Split nach Vela Luka ein Katamaran der innerhalb von 2 Stunden am Ziel ist. In [&hellip;]<\/p>\n","protected":false},"author":1,"featured_media":5580,"parent":0,"menu_order":3,"comment_status":"closed","ping_status":"closed","template":"","meta":{"_genesis_hide_title":false,"_genesis_hide_breadcrumbs":false,"_genesis_hide_singular_image":false,"_genesis_hide_footer_widgets":false,"_genesis_custom_body_class":"","_genesis_custom_post_class":"","_genesis_layout":"","footnotes":""},"class_list":{"0":"post-4964","1":"page","2":"type-page","3":"status-publish","4":"has-post-thumbnail","6":"entry"},"_links":{"self":[{"href":"https:\/\/www.korcula-oreb.com\/de\/wp-json\/wp\/v2\/pages\/4964","targetHints":{"allow":["GET"]}}],"collection":[{"href":"https:\/\/www.korcula-oreb.com\/de\/wp-json\/wp\/v2\/pages"}],"about":[{"href":"https:\/\/www.korcula-oreb.com\/de\/wp-json\/wp\/v2\/types\/page"}],"author":[{"embeddable":true,"href":"https:\/\/www.korcula-oreb.com\/de\/wp-json\/wp\/v2\/users\/1"}],"replies":[{"embeddable":true,"href":"https:\/\/www.korcula-oreb.com\/de\/wp-json\/wp\/v2\/comments?post=4964"}],"version-history":[{"count":0,"href":"https:\/\/www.korcula-oreb.com\/de\/wp-json\/wp\/v2\/pages\/4964\/revisions"}],"wp:featuredmedia":[{"embeddable":true,"href":"https:\/\/www.korcula-oreb.com\/de\/wp-json\/wp\/v2\/media\/5580"}],"wp:attachment":[{"href":"https:\/\/www.korcula-oreb.com\/de\/wp-json\/wp\/v2\/media?parent=4964"}],"curies":[{"name":"wp","href":"https:\/\/api.w.org\/{rel}","templated":true}]}}